{"id":14,"date":"2026-01-22T15:25:21","date_gmt":"2026-01-22T14:25:21","guid":{"rendered":"https:\/\/chauffagiste-wallon.be\/?page_id=14"},"modified":"2026-02-09T15:28:57","modified_gmt":"2026-02-09T14:28:57","slug":"zones-intervention","status":"publish","type":"page","link":"https:\/\/services-metens.be\/chauffagiste-wallon\/zones-intervention\/","title":{"rendered":"Nos zones d&rsquo;intervention"},"content":{"rendered":"<section class=\"py-16 bg-white\">\n<div class=\"max-w-7xl mx-auto px-4 sm:px-6 lg:px-8\">\n<h2 class=\"text-2xl font-bold text-gray-800 mb-4\">Chauffagiste en Wallonie<\/h2>\n<p class=\"text-lg text-gray-600 mb-6\">services-metens.be\/chauffagiste-wallon\/ intervient dans toute la Wallonie pour vos besoins en chauffage, d\u00e9pannage et intervention rapide.<\/p>\n<h2 class=\"text-2xl font-bold text-gray-800 mb-4\">Provinces desservies<\/h2>\n<ul class=\"list-disc list-inside text-lg text-gray-600 space-y-2 mb-6\">\n<li>Brabant Wallon<\/li>\n<li>Hainaut<\/li>\n<li>Namur<\/li>\n<li>Li\u00e8ge<\/li>\n<li>Luxembourg (province)<\/li>\n<\/ul>\n<h2 class=\"text-2xl font-bold text-gray-800 mb-4\">Intervention rapide et efficace<\/h2>\n<p class=\"text-lg text-gray-600 mb-4\">Gr\u00e2ce \u00e0 notre disponibilit\u00e9 en Wallonie, nous assurons des interventions rapides pour :<\/p>\n<ul class=\"list-disc list-inside text-lg text-gray-600 space-y-2 mb-6\">\n<li>D\u00e9pannage chauffage urgent<\/li>\n<li>Probl\u00e8mes de chauffage<\/li>\n<li>Interventions chauffagiste<\/li>\n<\/ul>\n<h2 class=\"text-2xl font-bold text-gray-800 mb-4\">Besoin d\u2019un chauffagiste pr\u00e8s de chez vous ?<\/h2>\n<p class=\"text-lg text-gray-600 mb-4\">\ud83d\udcde <strong>Appelez-nous d\u00e8s maintenant :<\/strong> <a class=\"text-primary font-bold\" href=\"tel:0499737292\">0499737292<\/a><\/p>\n<\/div>\n<\/section>\n","protected":false},"excerpt":{"rendered":"<p>Chauffagiste en Wallonie services-metens.be\/chauffagiste-wallon\/ intervient dans toute la Wallonie pour vos besoins en chauffage, d\u00e9pannage et intervention rapide. Provinces desservies Brabant Wallon Hainaut Namur Li\u00e8ge Luxembourg (province) Intervention rapide et efficace Gr\u00e2ce \u00e0 notre disponibilit\u00e9 en Wallonie, nous assurons des interventions rapides pour : D\u00e9pannage chauffage urgent Probl\u00e8mes de chauffage Interventions chauffagiste Besoin d\u2019un chauffagiste [&hellip;]<\/p>\n","protected":false},"author":2,"featured_media":0,"parent":0,"menu_order":0,"comment_status":"closed","ping_status":"closed","template":"","meta":{"_acf_changed":false,"footnotes":""},"class_list":["post-14","page","type-page","status-publish","hentry"],"acf":[],"_links":{"self":[{"href":"https:\/\/services-metens.be\/chauffagiste-wallon\/wp-json\/wp\/v2\/pages\/14","targetHints":{"allow":["GET"]}}],"collection":[{"href":"https:\/\/services-metens.be\/chauffagiste-wallon\/wp-json\/wp\/v2\/pages"}],"about":[{"href":"https:\/\/services-metens.be\/chauffagiste-wallon\/wp-json\/wp\/v2\/types\/page"}],"author":[{"embeddable":true,"href":"https:\/\/services-metens.be\/chauffagiste-wallon\/wp-json\/wp\/v2\/users\/2"}],"replies":[{"embeddable":true,"href":"https:\/\/services-metens.be\/chauffagiste-wallon\/wp-json\/wp\/v2\/comments?post=14"}],"version-history":[{"count":1,"href":"https:\/\/services-metens.be\/chauffagiste-wallon\/wp-json\/wp\/v2\/pages\/14\/revisions"}],"predecessor-version":[{"id":76,"href":"https:\/\/services-metens.be\/chauffagiste-wallon\/wp-json\/wp\/v2\/pages\/14\/revisions\/76"}],"wp:attachment":[{"href":"https:\/\/services-metens.be\/chauffagiste-wallon\/wp-json\/wp\/v2\/media?parent=14"}],"curies":[{"name":"wp","href":"https:\/\/api.w.org\/{rel}","templated":true}]}}