{"id":58,"date":"2026-01-22T15:24:52","date_gmt":"2026-01-22T14:24:52","guid":{"rendered":"https:\/\/chauffagiste-wallon.be\/?page_id=10"},"modified":"2026-02-09T15:09:18","modified_gmt":"2026-02-09T14:09:18","slug":"mentions-legales","status":"publish","type":"page","link":"https:\/\/services-metens.be\/chauffagiste-wallon\/mentions-legales\/","title":{"rendered":"Mentions l\u00e9gales"},"content":{"rendered":"<h2>\u00c9diteur du site<\/h2>\n<p><strong>Nom du site :<\/strong> services-metens.be\/chauffagiste-wallon\/<br \/>\n<strong>Activit\u00e9 :<\/strong> Chauffagiste \u2013 D\u00e9pannage et intervention chauffage<br \/>\n<strong>Zone d\u2019activit\u00e9 :<\/strong> Wallonie \u2013 Belgique<\/p>\n<p><strong>T\u00e9l\u00e9phone :<\/strong> 0499737292<\/p>\n<h2>Responsable de la publication<\/h2>\n<p>Le responsable de la publication est l\u2019\u00e9diteur du site services-metens.be\/chauffagiste-wallon\/.<\/p>\n<h2>H\u00e9bergement<\/h2>\n<p>Le site est h\u00e9berg\u00e9 par un prestataire d\u2019h\u00e9bergement situ\u00e9 dans l\u2019Union europ\u00e9enne.<\/p>\n<h2>Propri\u00e9t\u00e9 intellectuelle<\/h2>\n<p>L\u2019ensemble du contenu pr\u00e9sent sur le site services-metens.be\/chauffagiste-wallon\/ (textes, structure, \u00e9l\u00e9ments graphiques) est prot\u00e9g\u00e9 par le droit d\u2019auteur.<br \/>\nToute reproduction, distribution ou utilisation sans autorisation pr\u00e9alable est interdite.<\/p>\n<h2>Responsabilit\u00e9<\/h2>\n<p>Les informations pr\u00e9sentes sur ce site sont fournies \u00e0 titre informatif.<br \/>\nservices-metens.be\/chauffagiste-wallon\/ ne saurait \u00eatre tenu responsable d\u2019erreurs, d\u2019omissions ou de dommages r\u00e9sultant de l\u2019utilisation du site.<\/p>\n<h2>Contact<\/h2>\n<p>Pour toute question ou demande d\u2019information, vous pouvez nous contacter :<\/p>\n<p>\ud83d\udcde 0499737292<\/p>\n","protected":false},"excerpt":{"rendered":"<p>\u00c9diteur du site Nom du site : services-metens.be\/chauffagiste-wallon\/ Activit\u00e9 : Chauffagiste \u2013 D\u00e9pannage et intervention chauffage Zone d\u2019activit\u00e9 : Wallonie \u2013 Belgique T\u00e9l\u00e9phone : 0499737292 Responsable de la publication Le responsable de la publication est l\u2019\u00e9diteur du site services-metens.be\/chauffagiste-wallon\/. H\u00e9bergement Le site est h\u00e9berg\u00e9 par un prestataire d\u2019h\u00e9bergement situ\u00e9 dans l\u2019Union europ\u00e9enne. Propri\u00e9t\u00e9 intellectuelle L\u2019ensemble [&hellip;]<\/p>\n","protected":false},"author":2,"featured_media":0,"parent":0,"menu_order":0,"comment_status":"closed","ping_status":"closed","template":"","meta":{"_acf_changed":false,"footnotes":""},"class_list":["post-58","page","type-page","status-publish","hentry"],"acf":[],"_links":{"self":[{"href":"https:\/\/services-metens.be\/chauffagiste-wallon\/wp-json\/wp\/v2\/pages\/58","targetHints":{"allow":["GET"]}}],"collection":[{"href":"https:\/\/services-metens.be\/chauffagiste-wallon\/wp-json\/wp\/v2\/pages"}],"about":[{"href":"https:\/\/services-metens.be\/chauffagiste-wallon\/wp-json\/wp\/v2\/types\/page"}],"author":[{"embeddable":true,"href":"https:\/\/services-metens.be\/chauffagiste-wallon\/wp-json\/wp\/v2\/users\/2"}],"replies":[{"embeddable":true,"href":"https:\/\/services-metens.be\/chauffagiste-wallon\/wp-json\/wp\/v2\/comments?post=58"}],"version-history":[{"count":1,"href":"https:\/\/services-metens.be\/chauffagiste-wallon\/wp-json\/wp\/v2\/pages\/58\/revisions"}],"predecessor-version":[{"id":71,"href":"https:\/\/services-metens.be\/chauffagiste-wallon\/wp-json\/wp\/v2\/pages\/58\/revisions\/71"}],"wp:attachment":[{"href":"https:\/\/services-metens.be\/chauffagiste-wallon\/wp-json\/wp\/v2\/media?parent=58"}],"curies":[{"name":"wp","href":"https:\/\/api.w.org\/{rel}","templated":true}]}}